{"id":30,"date":"2019-10-22T14:45:04","date_gmt":"2019-10-22T14:45:04","guid":{"rendered":"http:\/\/www.lacasadelasventanas.com\/?page_id=30"},"modified":"2019-10-24T00:26:06","modified_gmt":"2019-10-24T00:26:06","slug":"acerca-de-nosotros","status":"publish","type":"page","link":"https:\/\/www.lacasadelasventanas.com\/?page_id=30","title":{"rendered":"Acerca de Nosotros"},"content":{"rendered":"<div class=\"fusion-fullwidth fullwidth-box nonhundred-percent-fullwidth non-hundred-percent-height-scrolling\"  style='background-color: rgba(255,255,255,0);background-position: center center;background-repeat: no-repeat;padding-top:0px;padding-right:0px;padding-bottom:0px;padding-left:0px;'><div class=\"fusion-builder-row fusion-row \"><div  data-animationType=fadeIn data-animationDuration=0.3 data-animationOffset=100% class=\"fusion-layout-column fusion_builder_column fusion_builder_column_2_3 fusion-builder-column-1 fusion-two-third fusion-column-first fusion-animated 2_3\"  style='margin-top:0px;margin-bottom:20px;width:66.66%;width:calc(66.66% - ( ( 4% ) * 0.6666 ) );margin-right: 4%;'>\n\t\t\t\t\t<div class=\"fusion-column-wrapper\" style=\"padding: 0px 0px 0px 0px;background-position:left top;background-repeat:no-repeat;-webkit-background-size:cover;-moz-background-size:cover;-o-background-size:cover;background-size:cover;\"   data-bg-url=\"\">\n\t\t\t\t\t\t<div class=\"fusion-title title fusion-title-1 fusion-sep-none fusion-title-size-one\" style=\"margin-top:0px;margin-bottom:31px;\"><h1 class=\"title-heading-left\" style=\"margin:0;\"><h2>Acerca de Nosotros<\/h2><\/h1><\/div><div class=\"fusion-text\"><p><strong>La Casa de las Ventanas (G&amp;G Windows and Doors)<\/strong> es una compa\u00f1\u00eda establecida en el pueblo de Guayama hace 30 a\u00f1os.<\/p>\n<p>Nuestros clientes cuentan con la garant\u00eda de encontrarnos en el mismo lugar no importa la temporada. Hacemos trabajos de consultor\u00eda fuera del \u00e1rea suroeste con cita previa como tambi\u00e9n pueden llegar a nuestro showroom cerca del expreso de Guayama para observar todas las bellezas y la calidad del producto. Somos una industria puertorrique\u00f1a con igualdad de empleos y podemos asegurar que nuestro personal siempre estar\u00e1 presente para brindarle la mejor de las opciones y conveniencia, personal altamente calificado y con sobre 15 a\u00f1os de experiencia.<\/p>\n<p>Comprendemos que para nuestros clientes la prioridad es su seguridad. Es por esto que proveemos entre nuestra gran variedad de productos, el m\u00e1s alto nivel de seguridad disponible en el mercado para lograr el m\u00e1ximo disfrute de su hogar o negocio.<\/p>\n<p>Al momento de escoger el dise\u00f1o, estilo, cristales y accesorios para complementar la fachada de su hogar la calidad del producto es sumamente importe ya que de la misma depender\u00e1 la duraci\u00f3n y resistencia del producto una vez instalado en su hogar o negocio.<\/p>\n<p><strong>Le esperamos&#8230;<\/strong><\/p>\n<\/div><div class=\"fusion-clearfix\"><\/div>\n\n\t\t\t\t\t<\/div>\n\t\t\t\t<\/div><div  data-animationType=fadeInLeft data-animationDuration=0.5 data-animationOffset=100% class=\"fusion-layout-column fusion_builder_column fusion_builder_column_1_3 fusion-builder-column-2 fusion-one-third fusion-column-last fusion-column-inner-bg-wrapper fusion-animated 1_3\"  style='margin-top:0px;margin-bottom:20px;width:33.33%;width:calc(33.33% - ( ( 4% ) * 0.3333 ) );'>\n\t\t\t\t\t<div class=\"fusion-column-wrapper\" style=\"padding: 50px 0px 0px 0px;\" data-bg-url=\"\">\n\t\t\t\t\t\t<span class=\"fusion-imageframe imageframe-none imageframe-1 hover-type-none fusion-animated\" data-animationType=\"fadeInLeft\" data-animationDuration=\"0.3\" data-animationOffset=\"100%\"><img loading=\"lazy\" decoding=\"async\" src=\"http:\/\/www.lacasadelasventanas.com\/wp-content\/uploads\/2019\/10\/nosotros.jpg\" width=\"1423\" height=\"1200\" alt=\"\" title=\"nosotros\" class=\"img-responsive wp-image-31\" srcset=\"https:\/\/www.lacasadelasventanas.com\/wp-content\/uploads\/2019\/10\/nosotros-200x169.jpg 200w, https:\/\/www.lacasadelasventanas.com\/wp-content\/uploads\/2019\/10\/nosotros-400x337.jpg 400w, https:\/\/www.lacasadelasventanas.com\/wp-content\/uploads\/2019\/10\/nosotros-600x506.jpg 600w, https:\/\/www.lacasadelasventanas.com\/wp-content\/uploads\/2019\/10\/nosotros-800x675.jpg 800w, https:\/\/www.lacasadelasventanas.com\/wp-content\/uploads\/2019\/10\/nosotros-1200x1012.jpg 1200w, https:\/\/www.lacasadelasventanas.com\/wp-content\/uploads\/2019\/10\/nosotros.jpg 1423w\" sizes=\"auto, (max-width: 800px) 100vw, 400px\" \/><\/span><div class=\"fusion-clearfix\"><\/div>\n\t\t\t\t\t<\/div><span class=\"fusion-column-inner-bg hover-type-zoomin\" >\n\t\t\t\t\t\t<a  aria-label=\"\">\n\t\t\t\t\t\t\t<span class=\"fusion-column-inner-bg-image\"  style=\"background-position:left top;background-repeat:no-repeat;-webkit-background-size:cover;-moz-background-size:cover;-o-background-size:cover;background-size:cover;\"><\/span><\/a>\n\t\t\t\t\t<\/span>\n\t\t\t\t<\/div><div  class=\"fusion-layout-column fusion_builder_column fusion_builder_column_1_2 fusion-builder-column-3 fusion-one-half fusion-column-first 1_2\"  style='margin-top:0px;margin-bottom:20px;width:50%;width:calc(50% - ( ( 4% ) * 0.5 ) );margin-right: 4%;'>\n\t\t\t\t\t<div class=\"fusion-column-wrapper\" style=\"padding: 0px 0px 0px 0px;background-position:left top;background-repeat:no-repeat;-webkit-background-size:cover;-moz-background-size:cover;-o-background-size:cover;background-size:cover;\"   data-bg-url=\"\">\n\t\t\t\t\t\t<div class=\"fusion-button-wrapper\"><style type=\"text\/css\">.fusion-button.button-1 .fusion-button-text, .fusion-button.button-1 i {color:#0d7677;}.fusion-button.button-1 .fusion-button-icon-divider{border-color:#0d7677;}.fusion-button.button-1:hover .fusion-button-text, .fusion-button.button-1:hover i,.fusion-button.button-1:focus .fusion-button-text, .fusion-button.button-1:focus i,.fusion-button.button-1:active .fusion-button-text, .fusion-button.button-1:active{color:#087a74;}.fusion-button.button-1:hover .fusion-button-icon-divider, .fusion-button.button-1:hover .fusion-button-icon-divider, .fusion-button.button-1:active .fusion-button-icon-divider{border-color:#087a74;}.fusion-button.button-1:hover, .fusion-button.button-1:focus, .fusion-button.button-1:active{border-color:#087a74;}.fusion-button.button-1 {border-color:#0d7677;}.fusion-button.button-1{background: #8fe8e6;\n\t\t\t\t\t\t\tbackground-image: -webkit-gradient( linear, left bottom, left top, from( #58d3cd ), to( #8fe8e6 ) );\n\t\t\t\t\t\t\tbackground-image: -webkit-linear-gradient( bottom, #58d3cd, #8fe8e6 );\n\t\t\t\t\t\t\tbackground-image:   -moz-linear-gradient( bottom, #58d3cd, #8fe8e6 );\n\t\t\t\t\t\t\tbackground-image:     -o-linear-gradient( bottom, #58d3cd, #8fe8e6 );\n\t\t\t\t\t\t\tbackground-image: linear-gradient( to top, #58d3cd, #8fe8e6 );}.fusion-button.button-1:hover,.button-1:focus,.fusion-button.button-1:active{background: #58d3c9;\n\t\t\t\t\t\t\tbackground-image: -webkit-gradient( linear, left bottom, left top, from( #8ee5d8 ), to( #58d3c9 ) );\n\t\t\t\t\t\t\tbackground-image: -webkit-linear-gradient( bottom, #8ee5d8, #58d3c9 );\n\t\t\t\t\t\t\tbackground-image:   -moz-linear-gradient( bottom, #8ee5d8, #58d3c9 );\n\t\t\t\t\t\t\tbackground-image:     -o-linear-gradient( bottom, #8ee5d8, #58d3c9 );\n\t\t\t\t\t\t\tbackground-image: linear-gradient( to top, #8ee5d8, #58d3c9 );}<\/style><a class=\"fusion-button button-flat fusion-button-default-shape fusion-button-default-size button-custom button-1 fusion-button-default-span fusion-button-default-type\" target=\"_self\" href=\"http:\/\/www.lacasadelasventanas.com\/contactanos\/\"><span class=\"fusion-button-text\">Mas Informaci\u00f3n<\/span><\/a><\/div><div class=\"fusion-clearfix\"><\/div>\n\n\t\t\t\t\t<\/div>\n\t\t\t\t<\/div><\/div><\/div>\n","protected":false},"excerpt":{"rendered":"","protected":false},"author":1,"featured_media":0,"parent":0,"menu_order":0,"comment_status":"closed","ping_status":"closed","template":"100-width.php","meta":{"footnotes":""},"class_list":["post-30","page","type-page","status-publish","hentry"],"yoast_head":"<!-- This site is optimized with the Yoast SEO plugin v21.8.1 - https:\/\/yoast.com\/wordpress\/plugins\/seo\/ -->\n<title>Acerca de Nosotros - La Casa de las Ventanas<\/title>\n<meta name=\"robots\" content=\"index, follow, max-snippet:-1, max-image-preview:large, max-video-preview:-1\" \/>\n<link rel=\"canonical\" href=\"https:\/\/www.lacasadelasventanas.com\/?page_id=30\" \/>\n<meta property=\"og:locale\" content=\"en_US\" \/>\n<meta property=\"og:type\" content=\"article\" \/>\n<meta property=\"og:title\" content=\"Acerca de Nosotros - La Casa de las Ventanas\" \/>\n<meta property=\"og:url\" content=\"https:\/\/www.lacasadelasventanas.com\/?page_id=30\" \/>\n<meta property=\"og:site_name\" content=\"La Casa de las Ventanas\" \/>\n<meta property=\"article:modified_time\" content=\"2019-10-24T00:26:06+00:00\" \/>\n<meta name=\"twitter:card\" content=\"summary_large_image\" \/>\n<meta name=\"twitter:label1\" content=\"Est. reading time\" \/>\n\t<meta name=\"twitter:data1\" content=\"4 minutes\" \/>\n<script type=\"application\/ld+json\" class=\"yoast-schema-graph\">{\"@context\":\"https:\/\/schema.org\",\"@graph\":[{\"@type\":\"WebPage\",\"@id\":\"https:\/\/www.lacasadelasventanas.com\/?page_id=30\",\"url\":\"https:\/\/www.lacasadelasventanas.com\/?page_id=30\",\"name\":\"Acerca de Nosotros - La Casa de las Ventanas\",\"isPartOf\":{\"@id\":\"http:\/\/www.lacasadelasventanas.com\/#website\"},\"datePublished\":\"2019-10-22T14:45:04+00:00\",\"dateModified\":\"2019-10-24T00:26:06+00:00\",\"breadcrumb\":{\"@id\":\"https:\/\/www.lacasadelasventanas.com\/?page_id=30#breadcrumb\"},\"inLanguage\":\"en\",\"potentialAction\":[{\"@type\":\"ReadAction\",\"target\":[\"https:\/\/www.lacasadelasventanas.com\/?page_id=30\"]}]},{\"@type\":\"BreadcrumbList\",\"@id\":\"https:\/\/www.lacasadelasventanas.com\/?page_id=30#breadcrumb\",\"itemListElement\":[{\"@type\":\"ListItem\",\"position\":1,\"name\":\"Home\",\"item\":\"http:\/\/www.lacasadelasventanas.com\/\"},{\"@type\":\"ListItem\",\"position\":2,\"name\":\"Acerca de Nosotros\"}]},{\"@type\":\"WebSite\",\"@id\":\"http:\/\/www.lacasadelasventanas.com\/#website\",\"url\":\"http:\/\/www.lacasadelasventanas.com\/\",\"name\":\"La Casa de las Ventanas\",\"description\":\"Belleza, Calidad y Seguridad\",\"potentialAction\":[{\"@type\":\"SearchAction\",\"target\":{\"@type\":\"EntryPoint\",\"urlTemplate\":\"http:\/\/www.lacasadelasventanas.com\/?s={search_term_string}\"},\"query-input\":\"required name=search_term_string\"}],\"inLanguage\":\"en\"}]}<\/script>\n<!-- \/ Yoast SEO plugin. -->","yoast_head_json":{"title":"Acerca de Nosotros - La Casa de las Ventanas","robots":{"index":"index","follow":"follow","max-snippet":"max-snippet:-1","max-image-preview":"max-image-preview:large","max-video-preview":"max-video-preview:-1"},"canonical":"https:\/\/www.lacasadelasventanas.com\/?page_id=30","og_locale":"en_US","og_type":"article","og_title":"Acerca de Nosotros - La Casa de las Ventanas","og_url":"https:\/\/www.lacasadelasventanas.com\/?page_id=30","og_site_name":"La Casa de las Ventanas","article_modified_time":"2019-10-24T00:26:06+00:00","twitter_card":"summary_large_image","twitter_misc":{"Est. reading time":"4 minutes"},"schema":{"@context":"https:\/\/schema.org","@graph":[{"@type":"WebPage","@id":"https:\/\/www.lacasadelasventanas.com\/?page_id=30","url":"https:\/\/www.lacasadelasventanas.com\/?page_id=30","name":"Acerca de Nosotros - La Casa de las Ventanas","isPartOf":{"@id":"http:\/\/www.lacasadelasventanas.com\/#website"},"datePublished":"2019-10-22T14:45:04+00:00","dateModified":"2019-10-24T00:26:06+00:00","breadcrumb":{"@id":"https:\/\/www.lacasadelasventanas.com\/?page_id=30#breadcrumb"},"inLanguage":"en","potentialAction":[{"@type":"ReadAction","target":["https:\/\/www.lacasadelasventanas.com\/?page_id=30"]}]},{"@type":"BreadcrumbList","@id":"https:\/\/www.lacasadelasventanas.com\/?page_id=30#breadcrumb","itemListElement":[{"@type":"ListItem","position":1,"name":"Home","item":"http:\/\/www.lacasadelasventanas.com\/"},{"@type":"ListItem","position":2,"name":"Acerca de Nosotros"}]},{"@type":"WebSite","@id":"http:\/\/www.lacasadelasventanas.com\/#website","url":"http:\/\/www.lacasadelasventanas.com\/","name":"La Casa de las Ventanas","description":"Belleza, Calidad y Seguridad","potentialAction":[{"@type":"SearchAction","target":{"@type":"EntryPoint","urlTemplate":"http:\/\/www.lacasadelasventanas.com\/?s={search_term_string}"},"query-input":"required name=search_term_string"}],"inLanguage":"en"}]}},"_links":{"self":[{"href":"https:\/\/www.lacasadelasventanas.com\/index.php?rest_route=\/wp\/v2\/pages\/30","targetHints":{"allow":["GET"]}}],"collection":[{"href":"https:\/\/www.lacasadelasventanas.com\/index.php?rest_route=\/wp\/v2\/pages"}],"about":[{"href":"https:\/\/www.lacasadelasventanas.com\/index.php?rest_route=\/wp\/v2\/types\/page"}],"author":[{"embeddable":true,"href":"https:\/\/www.lacasadelasventanas.com\/index.php?rest_route=\/wp\/v2\/users\/1"}],"replies":[{"embeddable":true,"href":"https:\/\/www.lacasadelasventanas.com\/index.php?rest_route=%2Fwp%2Fv2%2Fcomments&post=30"}],"version-history":[{"count":2,"href":"https:\/\/www.lacasadelasventanas.com\/index.php?rest_route=\/wp\/v2\/pages\/30\/revisions"}],"predecessor-version":[{"id":195,"href":"https:\/\/www.lacasadelasventanas.com\/index.php?rest_route=\/wp\/v2\/pages\/30\/revisions\/195"}],"wp:attachment":[{"href":"https:\/\/www.lacasadelasventanas.com\/index.php?rest_route=%2Fwp%2Fv2%2Fmedia&parent=30"}],"curies":[{"name":"wp","href":"https:\/\/api.w.org\/{rel}","templated":true}]}}